{"id":170,"date":"2017-05-10T12:00:13","date_gmt":"2017-05-10T12:00:13","guid":{"rendered":"http:\/\/sec.ffzg.unizg.hr\/?page_id=170"},"modified":"2017-05-26T09:00:07","modified_gmt":"2017-05-26T09:00:07","slug":"autori","status":"publish","type":"page","link":"https:\/\/sec.ffzg.unizg.hr\/?page_id=170","title":{"rendered":"Za autore"},"content":{"rendered":"\t\t<div data-elementor-type=\"wp-page\" data-elementor-id=\"170\" class=\"elementor elementor-170 elementor-bc-flex-widget\">\n\t\t\t\t\t\t<section class=\"elementor-section elementor-top-section elementor-element elementor-element-afzna0p elementor-section-boxed elementor-section-height-default elementor-section-height-default\" data-id=\"afzna0p\" data-element_type=\"section\" data-e-type=\"section\">\n\t\t\t\t\t\t<div class=\"elementor-container elementor-column-gap-default\">\n\t\t\t\t\t<div class=\"elementor-column elementor-col-100 elementor-top-column elementor-element elementor-element-w6tg51z\" data-id=\"w6tg51z\" data-element_type=\"column\" data-e-type=\"column\">\n\t\t\t<div class=\"elementor-widget-wrap elementor-element-populated\">\n\t\t\t\t\t\t<div class=\"elementor-element elementor-element-xcioyb7 elementor-widget elementor-widget-text-editor\" data-id=\"xcioyb7\" data-element_type=\"widget\" data-e-type=\"widget\" data-widget_type=\"text-editor.default\">\n\t\t\t\t<div class=\"elementor-widget-container\">\n\t\t\t\t\t\t\t\t\t<p style=\"text-align: justify;\">Napomena: Ove upute mo\u017eete preuzeti i u <span style=\"text-decoration: underline; color: #ff5252;\"><a style=\"color: #ff5252; text-decoration: underline;\" href=\"http:\/\/hrcak.srce.hr\/upute\/upute_autorima_Studia_ethnologica_Croatica.doc\">Microsoft Word .doc obliku<\/a><\/span>.<\/p><p style=\"text-align: justify;\">\u010clanak na hrvatskom ili engleskom jeziku poslati na e-mail adresu sec@ffzg.hr ili ga prijaviti kroz sustav za ure\u0111ivanje \u010dasopisa (Open Journal System) na <span style=\"text-decoration: underline;\"><span style=\"color: #ff5252;\"><a style=\"color: #ff5252; text-decoration: underline;\" href=\"http:\/\/hrcak.srce.hr\/ojs\/index.php\/sec\" target=\"_blank\" rel=\"noopener noreferrer\">http:\/\/hrcak.srce.hr\/ojs\/index.php\/sec<\/a><\/span><\/span> <b>do 1. o\u017eujka<\/b> za broj koji izlazi u teku\u0107oj godini. Autori uz \u010dlanak trebaju na adresu Uredni\u0161tva poslati popunjen i potpisan autorski obrazac (vidjeti u <a href=\"http:\/\/hrcak.srce.hr\/upute\/upute_autorima_Studia_ethnologica_Croatica.doc\">ovoj datoteci<\/a>).<\/p><p style=\"text-align: justify;\">Etika ure\u0111ivanja \u010dasopisa Studia ethnologica Croatica, kao i na\u010dini rje\u0161avanja sporova u ure\u0111ivanju, temelje se na Standardu uredni\u010dkoga rada i standardu COPE koje preporu\u010da Ministarstvo znanosti, obrazovanja i sporta Republike Hrvatske. Predajom \u010dlanka ili prikaza autori potvr\u0111uju da je rad njihov vlastiti i originalan prinos, da nije drugdje predan na razmatranje radi objave, da predan rad nije ni u cjelini niti dijelom kopija ili plagijat drugoga rada, te da su se o\u010ditovali o stvarnom ili potencijalnom sukobu interesa povezanih s radom ili djelomi\u010dnoj koristi u vezi s time. Uredni\u0161tvo \u010dasopisa podr\u017eava objektivan i pravi\u010dan anoniman recenzijski postupak s ciljem izbjegavanja bilo kakvih konflikata. U slu\u010daju sumnje na odstupanje od ovih pravila, Uredni\u0161tvo \u0107e se neodgodivo zauzeti za rje\u0161avanje spora.<\/p><p style=\"text-align: justify;\">Opseg \u010dlanka neka <b>ne prelazi 45.000 znakova<\/b> (uklju\u010div\u0161i razmake, citate, bilje\u0161ke i reference). Opseg prikaza neka <b>ne prelazi 6000 znakova<\/b> (uklju\u010div\u0161i razmake, citate i bilje\u0161ke).<\/p><p>Raspored elemenata u \u010dlanku:<\/p><ol><li>Naslov \u010dlanka<\/li><li>Ime i prezime autora, naziv i adresa ustanove u kojoj radi, e-mail adresa<\/li><li>Abstrakt na hrvatskom i engleskom jeziku (do 100 rije\u010di)<\/li><li>Klju\u010dne rije\u010di na hrvatskom i engleskom jeziku<\/li><li>\u2022 Tekst \u010dlanka pisati bez uporabe tabulatora. Lokalne nazive, istaknute sintagme i sl. pisati u kurzivu.<br \/>\u2022 Citate ozna\u010diti navodnicima; dulje citate (vi\u0161e od 30 rije\u010di) izdvojiti u zaseban odlomak i ozna\u010diti navodnicima.<br \/>\u2022 Bilje\u0161ke (footnotes) uvr\u0161tavati slijedom teksta, ozna\u010davati ih arapskim brojkama i koristiti samo za obja\u0161njenja.<br \/>\u2022 Reference uklopiti u tekst (ne kao bilje\u0161ke) u skra\u0107enom obliku: (Canestrini 2003); (Breivik 2005:25\u201326); (Brown 2006a, 2006b); (Elsner 1994:11; Preston 1992).<br \/>\u2022 Slikovne priloge i tablice ne umetati u tekst, ve\u0107 ih predati kao zasebne datoteke. U tekstu jasno ozna\u010diti mjesta s kojima su povezani prilozi, primjerice: (slika 1) ili (tablica 2), a na predvi\u0111enom mjestu priloga umetnuti broj priloga i njegov opis, npr.: Slika 1: naziv priloga (autor ili izvor priloga, datum nastanka priloga). To\u010dno mjesto priloga u otisku uvjetovano je grafi\u010dkim slogom sveska.<br \/>Slikovni prilozi moraju zadovoljiti uvjete tiska: dimenzije pribli\u017eno moraju odgovarati predvi\u0111enim dimenzijama u otisnutom \u010dlanku; rezolucija fotografija mora biti najmanje 300 dpi, a crte\u017ea najmanje 600 dpi. Slikovni prilozi se tiskaju u crno-bijeloj tehnici. Broj slikovnih priloga u tekstu je ograni\u010den.<\/li><li>Popis literature navesti abecednim redom autora (vi\u0161e djela istoga autora navesti kronolo\u0161ki) s potpunim podatcima prema sljede\u0107im pravilima:<\/li><\/ol><p><strong>Autorske knjige:<\/strong><br \/>URRY, John. 1995. Consuming Places. London: Routledge.<br \/>MART\u00edN, Diaz Emma, Melis MAYNAR i Sanz CASAS. 2000. Mercados de Trabajo e Inmigraci\u00f3n Extracomunitaria en la Agricultura Mediterr\u00e1nea. Sevilla: Junta de Andaluc\u00eda.<\/p><p><strong>Uredni\u010dke knjige:<\/strong><br \/>COLEMAN, Simon i John EADE, ur. 2004. Reframing Pilgrimage. Cultures in Motion. London \u2013 New York: Routledge.<\/p><p><strong>Poglavlje u knjizi:<\/strong><br \/>ECO, Umberto. 1984. \u201cThe frames of comic \u2018freedom\u2019\u201d. U CCarnival!C, ur. Thomas Albert Sebeok. Berlin \u2013 New York \u2013 Amsterdam: Mouton Publishers, 1\u20139.<\/p><p><strong>\u010clanak u \u010dasopisu:<\/strong><br \/>JARVENPA, Robert. 2003. \u201cCollective Witnessing: Performance, Drama, and Circulation of Valuables in the Rural Auction and Antiques Trade\u201d. Journal of Contemporary Ethnography, vol. 32 (5):555\u2013591.<\/p><p><strong>\u010clanak u elektronskom \u010dasopisu:<\/strong><br \/>WOODWARD, Sophie. 2002. \u201cMaking Fashion Material\u201d. Journal of Material Culture, vol. 7(3):345-353. http:\/\/mcu.sagepub.com\/cgi\/content\/abstract\/7\/3\/345 (pristup 28. 11. 2007.).<\/p><p><strong>Novinski \u010dlanak:<\/strong><br \/>GR\u017dINI\u0106, Marina. 2004. \u201cRod i tehnologija. Razgovor s Dianom McCarty\u201d. Zarez, 7. listopada, br. 139:27.<br \/>Ostalo navoditi prema The Chicago Manual of Style (author-date style, reference list entry).<\/p>\t\t\t\t\t\t\t\t<\/div>\n\t\t\t\t<\/div>\n\t\t\t\t\t<\/div>\n\t\t<\/div>\n\t\t\t\t\t<\/div>\n\t\t<\/section>\n\t\t\t\t<\/div>\n\t\t","protected":false},"excerpt":{"rendered":"<p>Napomena: Ove upute mo\u017eete preuzeti i u Microsoft Word .doc obliku. \u010clanak na hrvatskom ili engleskom jeziku poslati na e-mail adresu sec@ffzg.hr ili ga prijaviti kroz sustav za ure\u0111ivanje \u010dasopisa (Open Journal System) na http:\/\/hrcak.srce.hr\/ojs\/index.php\/sec do 1. o\u017eujka za broj koji izlazi u teku\u0107oj godini. Autori uz \u010dlanak trebaju na adresu Uredni\u0161tva poslati popunjen i potpisan autorski obrazac (vidjeti u ovoj datoteci). Etika ure\u0111ivanja \u010dasopisa Studia ethnologica Croatica, kao i na\u010dini rje\u0161avanja sporova u ure\u0111ivanju, temelje se na Standardu uredni\u010dkoga&#8230;<\/p>\n<p class=\"read-more\"><a class=\"btn btn-default\" href=\"https:\/\/sec.ffzg.unizg.hr\/?page_id=170\"> Read More<span class=\"screen-reader-text\">  Read More<\/span><\/a><\/p>\n","protected":false},"author":2,"featured_media":0,"parent":0,"menu_order":0,"comment_status":"closed","ping_status":"closed","template":"","meta":{"footnotes":""},"class_list":["post-170","page","type-page","status-publish","hentry"],"_links":{"self":[{"href":"https:\/\/sec.ffzg.unizg.hr\/index.php?rest_route=\/wp\/v2\/pages\/170","targetHints":{"allow":["GET"]}}],"collection":[{"href":"https:\/\/sec.ffzg.unizg.hr\/index.php?rest_route=\/wp\/v2\/pages"}],"about":[{"href":"https:\/\/sec.ffzg.unizg.hr\/index.php?rest_route=\/wp\/v2\/types\/page"}],"author":[{"embeddable":true,"href":"https:\/\/sec.ffzg.unizg.hr\/index.php?rest_route=\/wp\/v2\/users\/2"}],"replies":[{"embeddable":true,"href":"https:\/\/sec.ffzg.unizg.hr\/index.php?rest_route=%2Fwp%2Fv2%2Fcomments&post=170"}],"version-history":[{"count":3,"href":"https:\/\/sec.ffzg.unizg.hr\/index.php?rest_route=\/wp\/v2\/pages\/170\/revisions"}],"predecessor-version":[{"id":203,"href":"https:\/\/sec.ffzg.unizg.hr\/index.php?rest_route=\/wp\/v2\/pages\/170\/revisions\/203"}],"wp:attachment":[{"href":"https:\/\/sec.ffzg.unizg.hr\/index.php?rest_route=%2Fwp%2Fv2%2Fmedia&parent=170"}],"curies":[{"name":"wp","href":"https:\/\/api.w.org\/{rel}","templated":true}]}}